{"id":7026,"date":"2013-05-26T09:55:06","date_gmt":"2013-05-26T09:55:06","guid":{"rendered":"https:\/\/www.folkest.com\/\/?page_id=7026\/"},"modified":"2024-02-27T14:24:06","modified_gmt":"2024-02-27T13:24:06","slug":"folkest-2013","status":"publish","type":"page","link":"https:\/\/www.folkest.com\/en\/folkest-2013\/","title":{"rendered":"Folkest 2013"},"content":{"rendered":"<h2 style=\"text-align: justify;\"><span style=\"color: #993300;\">History of Folkest\u00a0<\/span><\/h2>\n<h4 style=\"text-align: justify;\"><strong><span style=\"color: #993300;\">XXXV EDITION<\/span><\/strong><\/h4>\n<p><a href=\"https:\/\/www.folkest.com\/wp-content\/uploads\/2013\/03\/2013_WP-210x300.jpg\" data-rel=\"lightbox-image-0\" data-rl_title=\"\" data-rl_caption=\"\" title=\"\"><img loading=\"lazy\" decoding=\"async\" class=\"wp-image-3742 size-medium alignleft\" src=\"https:\/\/www.folkest.com\/wp-content\/uploads\/2013\/03\/2013_WP-210x300.jpg\" alt=\"Folkest Edizione 2013\" width=\"210\" height=\"300\" srcset=\"https:\/\/www.folkest.com\/wp-content\/uploads\/2013\/03\/2013_WP-210x300.jpg 210w, https:\/\/www.folkest.com\/wp-content\/uploads\/2013\/03\/2013_WP.jpg 500w\" sizes=\"auto, (max-width: 210px) 100vw, 210px\" \/><\/a><\/p>\n<p class=\"p1\" style=\"text-align: justify;\">For 2013 the artistic direction of the festival has given a great renewal to the cast, flanking the big names with an \u201carmy\u201d of <strong>highly innovative<\/strong> quality proposals.<\/p>\n<p class=\"p1\" style=\"text-align: justify;\"><strong>Folkest 2013<\/strong> made its debut in <strong>Papariano<\/strong> (Fiumicello) on <strong>4 July<\/strong> with a completely feminine evening: <strong>Elsa Martin<\/strong>, <strong>Maria Devigili<\/strong> and <strong>Serio &amp; Faceto<\/strong> proposed interesting shows in which the classic author song is combined with new expressive trends.<\/p>\n<p class=\"p1\" style=\"text-align: justify;\">A welcome return, after a few years of absence: from Chile <strong>Inti Illimani<\/strong>, on <strong>19 July 2013 in Tolmezzo<\/strong> and on <strong>20 July 2013 in Capodistria<\/strong>, to crown a European tour that celebrated their forty-five years of career.<\/p>\n<p class=\"p1\" style=\"text-align: justify;\">Great events also in <strong>Piazza Duomo in Spilimbergo<\/strong>, in the final evenings of <strong>26, 27 and 28 July 2013<\/strong>: accompanied by the FVG Mitteleuropa Orchestra, conducted by Maestro <strong>Walter Sivilotti<\/strong>, <strong>Simone Cristicchi (26)<\/strong>, <strong>Allan Taylor (27)<\/strong> and <strong>Antonella Ruggiero (28)<\/strong>, concluded the festival with an extraordinary production that among other things saw them celebrate and remember <strong>Sergio Endrigo<\/strong> for the eighty years of the birth (1933) of the Istrian songwriter.<\/p>\n<h2 style=\"text-align: left;\"><span style=\"color: #993300;\">ARTISTS Folkest 2013<\/span><\/h2>\n<p><strong>Abac\u00e0,<\/strong> <em>Italy<\/em><br \/>\n<strong>Alef Band,<\/strong> <em>Italy<\/em><br \/>\n<strong>Allan Taylor,<\/strong> <em>England<\/em><br \/>\n<strong>Antonella Ruggiero,<\/strong> <em>Italy<\/em><br \/>\n<strong>Area,<\/strong> <em>Italy<\/em><br \/>\n<strong>Blunt,<\/strong> <em>Belgium<\/em><br \/>\n<strong>Branco Selvaggio,<\/strong> <em>Italy<\/em><br \/>\n<strong>Carantan,<\/strong> <em>Friuli<\/em><br \/>\n<strong>Daniele Arzuffi,<\/strong> <em>Italy<\/em><br \/>\n<strong>Dualismagic,<\/strong> <em>Italy<\/em><br \/>\n<strong>Elsa Martin,<\/strong> <em>Italy<\/em><br \/>\n<strong>Ezio Guaitamacchi,<\/strong> <em>Italy<\/em><br \/>\n<strong>Sons of Puff,<\/strong> <em>Italy<\/em><br \/>\n<strong>FVG Mitteleuropa Orchestra,<\/strong> <em>Friuli &#8211; Venezia Giulia<\/em><br \/>\n<strong>Giovanni Floreani and Tony Pagliuca,<\/strong> <em>Italy<\/em><br \/>\n<strong>Alberto Grollo &amp; Five Strings Quartet,<\/strong> <em>Italy<\/em><br \/>\n<strong>Inti-Illimani,<\/strong> <em>Chile<\/em><br \/>\n<strong>Irish &amp; More,<\/strong> <em>Italy<\/em><br \/>\n<strong>L&#8217;Orage,<\/strong> <em>Valle d&#8217;Aosta<\/em><br \/>\n<strong>Luna and a Quarto,<\/strong> <em>Friuli<\/em><br \/>\n<strong>Macchia Libbre,<\/strong> <em>Puglia<\/em><br \/>\n<strong>Mandolin &#8216;Brothers,<\/strong> <em>Italy<\/em><br \/>\n<strong>Maria Devigli<\/strong>, <em>Italy<\/em><br \/>\n<strong>Michele Pucci,<\/strong> <em>Italy<\/em><br \/>\n<strong>Piergiorgio Manuele,<\/strong> <em>Italy<\/em><br \/>\n<strong>Minima Mistycanza Orchestra,<\/strong> <em>Italy<\/em><br \/>\n<strong>Pier Luca Montessoro,<\/strong> <em>Italy<\/em><br \/>\n<strong>Raffaele Antoniotti,<\/strong> <em>Italy<\/em><br \/>\n<strong>Serio and Faceto,<\/strong> <em>Italy<\/em><br \/>\n<strong>Simone Avincola,<\/strong> <em>Italy<\/em><br \/>\n<strong>Simone Cristicchi,<\/strong> <em>Italy<\/em><br \/>\n<strong>Stramash,<\/strong> <em>Scotland<\/em><br \/>\n<strong>The Tamburellists of Otranto<\/strong>, <em>Puglia<\/em><br \/>\n<strong>Mimmo Cavallaro, Cosimo Papandera &amp; TaranProject<\/strong>, <em>Calabria<\/em><br \/>\n<strong>Tryo Yerba<\/strong>, <em>Italy<\/em><br \/>\n<strong>Ugo Gangheri<\/strong>, <em>Campania<\/em><br \/>\n<strong>V\u00edz\u00f6nt\u0151,<\/strong> <em>Hungary<\/em><br \/>\n<strong>Vruja,<\/strong> <em>Istria<\/em><\/p>\n","protected":false},"excerpt":{"rendered":"<p>History of Folkest\u00a0 XXXV EDITION For 2013 the artistic direction of the festival has given a great renewal to the cast, flanking the big names with an \u201carmy\u201d of highly innovative quality proposals. Folkest 2013 made its debut in Papariano (Fiumicello) on 4 July with a completely feminine evening: Elsa Martin, Maria Devigili and Serio [&hellip;]<\/p>\n","protected":false},"author":2,"featured_media":0,"parent":0,"menu_order":34,"comment_status":"closed","ping_status":"closed","template":"","meta":{"footnotes":""},"class_list":["post-7026","page","type-page","status-publish","hentry"],"yoast_head":"<!-- This site is optimized with the Yoast SEO plugin v27.5 - https:\/\/yoast.com\/product\/yoast-seo-wordpress\/ -->\n<title>Folkest 2013 - Folkest - 2026 edition<\/title>\n<meta name=\"description\" content=\"Folkest 2013. Mai come quest\u2019anno la direzione artistica festival ha impresso un grande rinnovamento al cast, affiancando ai grandi nomi artisti emergenti\" \/>\n<meta name=\"robots\" content=\"index, follow, max-snippet:-1, max-image-preview:large, max-video-preview:-1\" \/>\n<link rel=\"canonical\" href=\"https:\/\/www.folkest.com\/en\/folkest-2013\/\" \/>\n<meta property=\"og:locale\" content=\"en_US\" \/>\n<meta property=\"og:type\" content=\"article\" \/>\n<meta property=\"og:title\" content=\"Folkest 2013 - Folkest - 2026 edition\" \/>\n<meta property=\"og:description\" content=\"Folkest 2013. Mai come quest\u2019anno la direzione artistica festival ha impresso un grande rinnovamento al cast, affiancando ai grandi nomi artisti emergenti\" \/>\n<meta property=\"og:url\" content=\"https:\/\/www.folkest.com\/en\/folkest-2013\/\" \/>\n<meta property=\"og:site_name\" content=\"Folkest - 2026 edition\" \/>\n<meta property=\"article:publisher\" content=\"https:\/\/www.facebook.com\/FolkestFestival\" \/>\n<meta property=\"article:modified_time\" content=\"2024-02-27T13:24:06+00:00\" \/>\n<meta property=\"og:image\" content=\"https:\/\/www.folkest.com\/wp-content\/uploads\/2013\/03\/2013_WP-210x300.jpg\" \/>\n<meta name=\"twitter:label1\" content=\"Est. reading time\" \/>\n\t<meta name=\"twitter:data1\" content=\"1 minute\" \/>\n<script type=\"application\/ld+json\" class=\"yoast-schema-graph\">{\"@context\":\"https:\\\/\\\/schema.org\",\"@graph\":[{\"@type\":\"WebPage\",\"@id\":\"https:\\\/\\\/www.folkest.com\\\/en\\\/folkest-2013\\\/\",\"url\":\"https:\\\/\\\/www.folkest.com\\\/en\\\/folkest-2013\\\/\",\"name\":\"Folkest 2013 - Folkest - 2026 edition\",\"isPartOf\":{\"@id\":\"https:\\\/\\\/www.folkest.com\\\/#website\"},\"primaryImageOfPage\":{\"@id\":\"https:\\\/\\\/www.folkest.com\\\/en\\\/folkest-2013\\\/#primaryimage\"},\"image\":{\"@id\":\"https:\\\/\\\/www.folkest.com\\\/en\\\/folkest-2013\\\/#primaryimage\"},\"thumbnailUrl\":\"https:\\\/\\\/www.folkest.com\\\/wp-content\\\/uploads\\\/2013\\\/03\\\/2013_WP-210x300.jpg\",\"datePublished\":\"2013-05-26T09:55:06+00:00\",\"dateModified\":\"2024-02-27T13:24:06+00:00\",\"description\":\"Folkest 2013. Mai come quest\u2019anno la direzione artistica festival ha impresso un grande rinnovamento al cast, affiancando ai grandi nomi artisti emergenti\",\"breadcrumb\":{\"@id\":\"https:\\\/\\\/www.folkest.com\\\/en\\\/folkest-2013\\\/#breadcrumb\"},\"inLanguage\":\"en-GB\",\"potentialAction\":[{\"@type\":\"ReadAction\",\"target\":[\"https:\\\/\\\/www.folkest.com\\\/en\\\/folkest-2013\\\/\"]}]},{\"@type\":\"ImageObject\",\"inLanguage\":\"en-GB\",\"@id\":\"https:\\\/\\\/www.folkest.com\\\/en\\\/folkest-2013\\\/#primaryimage\",\"url\":\"https:\\\/\\\/www.folkest.com\\\/wp-content\\\/uploads\\\/2013\\\/03\\\/2013_WP-210x300.jpg\",\"contentUrl\":\"https:\\\/\\\/www.folkest.com\\\/wp-content\\\/uploads\\\/2013\\\/03\\\/2013_WP-210x300.jpg\"},{\"@type\":\"BreadcrumbList\",\"@id\":\"https:\\\/\\\/www.folkest.com\\\/en\\\/folkest-2013\\\/#breadcrumb\",\"itemListElement\":[{\"@type\":\"ListItem\",\"position\":1,\"name\":\"Home\",\"item\":\"https:\\\/\\\/www.folkest.com\\\/en\\\/\"},{\"@type\":\"ListItem\",\"position\":2,\"name\":\"Folkest 2013\"}]},{\"@type\":\"WebSite\",\"@id\":\"https:\\\/\\\/www.folkest.com\\\/#website\",\"url\":\"https:\\\/\\\/www.folkest.com\\\/\",\"name\":\"Folkest - 2026 edition\",\"description\":\"International Folk Festival\",\"publisher\":{\"@id\":\"https:\\\/\\\/www.folkest.com\\\/#organization\"},\"potentialAction\":[{\"@type\":\"SearchAction\",\"target\":{\"@type\":\"EntryPoint\",\"urlTemplate\":\"https:\\\/\\\/www.folkest.com\\\/?s={search_term_string}\"},\"query-input\":{\"@type\":\"PropertyValueSpecification\",\"valueRequired\":true,\"valueName\":\"search_term_string\"}}],\"inLanguage\":\"en-GB\"},{\"@type\":\"Organization\",\"@id\":\"https:\\\/\\\/www.folkest.com\\\/#organization\",\"name\":\"Folkest\",\"url\":\"https:\\\/\\\/www.folkest.com\\\/\",\"logo\":{\"@type\":\"ImageObject\",\"inLanguage\":\"en-GB\",\"@id\":\"https:\\\/\\\/www.folkest.com\\\/#\\\/schema\\\/logo\\\/image\\\/\",\"url\":\"https:\\\/\\\/www.folkest.com\\\/\\\/wp-content\\\/uploads\\\/2023\\\/04\\\/Logo-Folkest-international-folk-music-festival.png\",\"contentUrl\":\"https:\\\/\\\/www.folkest.com\\\/\\\/wp-content\\\/uploads\\\/2023\\\/04\\\/Logo-Folkest-international-folk-music-festival.png\",\"width\":704,\"height\":289,\"caption\":\"Folkest\"},\"image\":{\"@id\":\"https:\\\/\\\/www.folkest.com\\\/#\\\/schema\\\/logo\\\/image\\\/\"},\"sameAs\":[\"https:\\\/\\\/www.facebook.com\\\/FolkestFestival\",\"https:\\\/\\\/www.instagram.com\\\/folkest_\\\/\",\"https:\\\/\\\/www.youtube.com\\\/channel\\\/UCEvUMMmkI1u-BN9eGpGB0-Q\"]}]}<\/script>\n<!-- \/ Yoast SEO plugin. -->","yoast_head_json":{"title":"Folkest 2013 - Folkest - 2026 edition","description":"Folkest 2013. Mai come quest\u2019anno la direzione artistica festival ha impresso un grande rinnovamento al cast, affiancando ai grandi nomi artisti emergenti","robots":{"index":"index","follow":"follow","max-snippet":"max-snippet:-1","max-image-preview":"max-image-preview:large","max-video-preview":"max-video-preview:-1"},"canonical":"https:\/\/www.folkest.com\/en\/folkest-2013\/","og_locale":"en_US","og_type":"article","og_title":"Folkest 2013 - Folkest - 2026 edition","og_description":"Folkest 2013. Mai come quest\u2019anno la direzione artistica festival ha impresso un grande rinnovamento al cast, affiancando ai grandi nomi artisti emergenti","og_url":"https:\/\/www.folkest.com\/en\/folkest-2013\/","og_site_name":"Folkest - 2026 edition","article_publisher":"https:\/\/www.facebook.com\/FolkestFestival","article_modified_time":"2024-02-27T13:24:06+00:00","og_image":[{"url":"https:\/\/www.folkest.com\/wp-content\/uploads\/2013\/03\/2013_WP-210x300.jpg","type":"","width":"","height":""}],"twitter_misc":{"Est. reading time":"1 minute"},"schema":{"@context":"https:\/\/schema.org","@graph":[{"@type":"WebPage","@id":"https:\/\/www.folkest.com\/en\/folkest-2013\/","url":"https:\/\/www.folkest.com\/en\/folkest-2013\/","name":"Folkest 2013 - Folkest - 2026 edition","isPartOf":{"@id":"https:\/\/www.folkest.com\/#website"},"primaryImageOfPage":{"@id":"https:\/\/www.folkest.com\/en\/folkest-2013\/#primaryimage"},"image":{"@id":"https:\/\/www.folkest.com\/en\/folkest-2013\/#primaryimage"},"thumbnailUrl":"https:\/\/www.folkest.com\/wp-content\/uploads\/2013\/03\/2013_WP-210x300.jpg","datePublished":"2013-05-26T09:55:06+00:00","dateModified":"2024-02-27T13:24:06+00:00","description":"Folkest 2013. Mai come quest\u2019anno la direzione artistica festival ha impresso un grande rinnovamento al cast, affiancando ai grandi nomi artisti emergenti","breadcrumb":{"@id":"https:\/\/www.folkest.com\/en\/folkest-2013\/#breadcrumb"},"inLanguage":"en-GB","potentialAction":[{"@type":"ReadAction","target":["https:\/\/www.folkest.com\/en\/folkest-2013\/"]}]},{"@type":"ImageObject","inLanguage":"en-GB","@id":"https:\/\/www.folkest.com\/en\/folkest-2013\/#primaryimage","url":"https:\/\/www.folkest.com\/wp-content\/uploads\/2013\/03\/2013_WP-210x300.jpg","contentUrl":"https:\/\/www.folkest.com\/wp-content\/uploads\/2013\/03\/2013_WP-210x300.jpg"},{"@type":"BreadcrumbList","@id":"https:\/\/www.folkest.com\/en\/folkest-2013\/#breadcrumb","itemListElement":[{"@type":"ListItem","position":1,"name":"Home","item":"https:\/\/www.folkest.com\/en\/"},{"@type":"ListItem","position":2,"name":"Folkest 2013"}]},{"@type":"WebSite","@id":"https:\/\/www.folkest.com\/#website","url":"https:\/\/www.folkest.com\/","name":"Folkest - 2026 edition","description":"International Folk Festival","publisher":{"@id":"https:\/\/www.folkest.com\/#organization"},"potentialAction":[{"@type":"SearchAction","target":{"@type":"EntryPoint","urlTemplate":"https:\/\/www.folkest.com\/?s={search_term_string}"},"query-input":{"@type":"PropertyValueSpecification","valueRequired":true,"valueName":"search_term_string"}}],"inLanguage":"en-GB"},{"@type":"Organization","@id":"https:\/\/www.folkest.com\/#organization","name":"Folkest","url":"https:\/\/www.folkest.com\/","logo":{"@type":"ImageObject","inLanguage":"en-GB","@id":"https:\/\/www.folkest.com\/#\/schema\/logo\/image\/","url":"https:\/\/www.folkest.com\/\/wp-content\/uploads\/2023\/04\/Logo-Folkest-international-folk-music-festival.png","contentUrl":"https:\/\/www.folkest.com\/\/wp-content\/uploads\/2023\/04\/Logo-Folkest-international-folk-music-festival.png","width":704,"height":289,"caption":"Folkest"},"image":{"@id":"https:\/\/www.folkest.com\/#\/schema\/logo\/image\/"},"sameAs":["https:\/\/www.facebook.com\/FolkestFestival","https:\/\/www.instagram.com\/folkest_\/","https:\/\/www.youtube.com\/channel\/UCEvUMMmkI1u-BN9eGpGB0-Q"]}]}},"_links":{"self":[{"href":"https:\/\/www.folkest.com\/en\/wp-json\/wp\/v2\/pages\/7026","targetHints":{"allow":["GET"]}}],"collection":[{"href":"https:\/\/www.folkest.com\/en\/wp-json\/wp\/v2\/pages"}],"about":[{"href":"https:\/\/www.folkest.com\/en\/wp-json\/wp\/v2\/types\/page"}],"author":[{"embeddable":true,"href":"https:\/\/www.folkest.com\/en\/wp-json\/wp\/v2\/users\/2"}],"replies":[{"embeddable":true,"href":"https:\/\/www.folkest.com\/en\/wp-json\/wp\/v2\/comments?post=7026"}],"version-history":[{"count":3,"href":"https:\/\/www.folkest.com\/en\/wp-json\/wp\/v2\/pages\/7026\/revisions"}],"predecessor-version":[{"id":27588,"href":"https:\/\/www.folkest.com\/en\/wp-json\/wp\/v2\/pages\/7026\/revisions\/27588"}],"wp:attachment":[{"href":"https:\/\/www.folkest.com\/en\/wp-json\/wp\/v2\/media?parent=7026"}],"curies":[{"name":"wp","href":"https:\/\/api.w.org\/{rel}","templated":true}]}}