{"id":14801,"date":"2019-04-16T07:27:31","date_gmt":"2019-04-16T05:27:31","guid":{"rendered":"https:\/\/www.folkest.com\/\/?page_id=14801"},"modified":"2025-11-19T16:34:30","modified_gmt":"2025-11-19T15:34:30","slug":"aministrazion-trasparent","status":"publish","type":"page","link":"https:\/\/www.folkest.com\/fur\/aministrazion-trasparent\/","title":{"rendered":"Aministrazion trasparent"},"content":{"rendered":"\n<p><strong>Adempiment dai obligs di trasparince e di publicit\u00e2t.<\/strong>                                                                           <strong>Le\u00e7 4 di avost 2017, n.124 \u2013 articul 1, comes 125-129<\/strong><\/p>\n\n\n\n<p><strong>Denominazion e codis fisc\u00e2l dal sogjet ricevint:<\/strong><\/p>\n\n\n\n<div class=\"wp-block-group is-vertical is-layout-flex wp-container-core-group-is-layout-8cf370e7 wp-block-group-is-layout-flex\">\n<div class=\"wp-block-group is-vertical is-layout-flex wp-container-core-group-is-layout-8cf370e7 wp-block-group-is-layout-flex\">\n<p>Rason soci\u00e2l: Asociazion Cultur\u00e2l Folkgiornale; <\/p>\n\n\n\n<p>Sede leg\u00e2l: San Den\u00eal dal Fri\u00fbl (UD) \u2013 vie Damiano Chiesa, 37;<\/p>\n\n\n\n<p>Sede fisc\u00e2l: 33030 DIGNAN (UD) \u2013 Via Maseris, 18\/B;<\/p>\n\n\n\n<p>Partide IVE\/Codis fisc\u00e2l: 01419440936 (cod. SDI KRRH6B); <\/p>\n\n\n\n<p>Indiriz PEC: folkgiornale@pecfvg.it<\/p>\n<\/div>\n<\/div>\n\n\n\n<h2 class=\"wp-block-heading has-text-color has-link-color wp-elements-50aee753752854fc6975d5f4b71fdf39\" style=\"color:#2f3282\">2024<\/h2>\n\n\n\n<p>Denominazion sogjet erogant: Regjon Autonome Fri\u00fbl Vignesie Julie<br>Some incasade: \u20ac 180.301,23 <br>Date di incas: 05\/02\/2024<br>Caus\u00e2l: Le\u00e7 regjon\u00e2l 11 di Avost 2014, n. No si \u00e0 di pai\u00e2 il contrib\u00fbt. 238\/Pres.<\/p>\n\n\n\n<p>Denominazion sogjet erogant: Regjon Autonome Fri\u00fbl Vignesie Julie<br>Some incasade: \u20ac 22.861,38 <br>Date di incas: 30\/09\/2024<br>Caus\u00e2l: Le\u00e7 regjon\u00e2l 11 di Avost 2014, n. No si \u00e0 di pai\u00e2 il contrib\u00fbt. 238\/Pres.<\/p>\n\n\n\n<p>Denominazion sogjet erogant: Regjon Autonome Fri\u00fbl Vignesie Julie<br>Some incasade: \u20ac 10.560,00 <br>Date di incas: 10\/10\/2024<br>Caus\u00e2l: Le\u00e7 regjon\u00e2l n. 21\/2016 Articul 62, paragrafs 1 (a) e (b) &#8211; Grant par sostign\u00ee il progjet clam\u00e2t: &#8220;FOLKEST 2024 &#8211; INTERNATIONAL FOLK MUSIC FESTIVAL &#8211; 46\u00b0 EDIZIONE&#8221;<\/p>\n\n\n\n<p>Denominazion sogjet erogant: Regjon Autonome Fri\u00fbl Vignesie Julie<br>Some incasade: \u20ac 1.080,96<br>Date di incas: 28\/10\/2024<br>Caus\u00e2l: Art. 4 Le\u00e7 regjon\u00e2l 3 di Mai dal 2019, n. 7 &#8220;Misure per la valorizzazione e la promozione delle sagre e feste locali e delle fiere tradizionali&#8221; e smi &#8211; CONTRIBUTO PER SPESE SICUREZZA EVENTI<\/p>\n\n\n\n<p>Denominazion sogjet erogant: Regjon Autonome Fri\u00fbl Vignesie Julie<br>Some incasade: \u20ac 1.552,68<br>Date di incas: 06\/12\/2024<br>Caus\u00e2l: Art. 4 Le\u00e7 regjon\u00e2l 3 di Mai dal 2019, n. 7 &#8220;Misure per la valorizzazione e la promozione delle sagre e feste locali e delle fiere tradizionali&#8221; e smi &#8211; CONTRIBUTO PER SPESE SICUREZZA EVENTI<\/p>\n\n\n\n<p>Denominazion sogjet erogant: Comun di San Den\u00eal dal Fri\u00fbl<br>Some incasade: \u20ac 38.000,00<br>Date di incas: 03\/10\/2024<br>Caus\u00e2l: Folkest 2024<\/p>\n\n\n\n<p>Denominazion sogjet erogant: Comun di Gurizie<br>Some incasade: \u20ac 2.000,00<br>Date di incas: 30\/10\/2024<br>Caus\u00e2l: Folkest 2024<\/p>\n\n\n\n<p>Denominazion sogjet erogant: Comun di Pulfar<br>Some incasade: \u20ac 1.500,00<br>Date di incas: 27\/09\/2024<br>Caus\u00e2l: Folkest 2024<\/p>\n\n\n\n<p>Denominazion sogjet erogant: Comun di Tramon\u00e7 di Sore<br>Some incasade: \u20ac 2.000,00<br>Date di incas: 16\/10\/2024<br>Reason: Folkest 2024<\/p>\n\n\n\n<p>Denominazion sogjet erogant: Comun di Pr\u00e2t di Cjargne<br>Some incasade: \u20ac 800,00<br>Date di incas: 14\/11\/2024<br>Caus\u00e2l: Folkest 2024<\/p>\n\n\n\n<p>Denominazion sogjet erogant: Comun di Romans dal Lusinc<br>Some incasade: \u20ac 2.500,00<br>Date di incas: 12\/09\/2024<br>Caus\u00e2l: Folkest 2024<\/p>\n\n\n\n<h2 class=\"wp-block-heading has-text-color has-link-color wp-elements-9990093fd7f1670030f786333aff25fc\" style=\"color:#004f97\">2023<\/h2>\n\n\n\n<p>Denominazion sogjet erogant: Regjon Autonome Fri\u00fbl Vignesie Julie<br>Some incasade: \u20ac 10.560,00\u00a0<br>Date di incas: 28\/11\/2023<br>Caus\u00e2l: Legge regionale n. 21\/2016 art. 62 comma 1 lettere a) e b)<\/p>\n\n\n\n<p>Denominazion sogjet erogant: Regjon Autonome Fri\u00fbl Vignesie Julie<br>Some incasade: \u20ac 19.392,00\u00a0<br>Date di incas: 27\/11\/2023<br>Caus\u00e2l: Legge regionale n. 16\/2014. Decreto del Presidente della Regione n. 33\/2015. Avviso Creativit\u00e0, approvato con DGR 1947\/2022<\/p>\n\n\n\n<p>Denominazion sogjet erogant: Regjon Autonome Fri\u00fbl Vignesie Julie<br>Some incasade: \u20ac 44.123,73\u00a0<br>Date di incas: 22\/11\/2023<br>Caus\u00e2l: Legge regionale 11 agosto 2014, n. 16, articolo. 13, secondo comma<\/p>\n\n\n\n<p>Denominazion sogjet erogant: Comun di San Den\u00eal dal Fri\u00fbl<br>Some incasade: \u20ac 25.000,00<br>Date di incas: 26\/10\/2023<br>Caus\u00e2l: Contrib\u00fbt Folkest 2023<\/p>\n\n\n\n<p>Denominazion sogjet erogant: Comun di Gurizie<br>Some incasade: \u20ac 2.000,00<br>Date di incas: 17\/10\/2023<br>Caus\u00e2l: Contrib\u00fbt Folkest 2023<\/p>\n\n\n\n<p>Denominazion sogjet erogant: Comun di Prat di Cjargne<br>Some incasade: \u20ac 800,00<br>Data di incasso: 21\/09\/2023<br>Caus\u00e2l: Contrib\u00fbt Folkest 2023<\/p>\n\n\n\n<p>Denominazion sogjet erogant: Comun di Tramon\u00e7 di Sore<br>Some incasade: \u20ac 2.000,00<br>Date di incas: 24\/08\/2023<br>Caus\u00e2l: Contrib\u00fbt Folkest 2023<\/p>\n\n\n\n<p>Denominazion sogjet erogant: Comun di Pulfar<br>Some incasade: \u20ac 1.500,00<br>Date di incas: 14\/08\/2023<br>Caus\u00e2l: Contrib\u00fbt Folkest 2023<\/p>\n\n\n\n<p>Denominazion sogjet erogant: Comun di Cjiscjel Gn\u00fbf dal Fri\u00fbl.<br>Some incasade: \u20ac 1.500,00<br>Date di incas: 10\/08\/2023<br>Caus\u00e2l: Contributo Folkest 2023<\/p>\n\n\n\n<p>Denominazion sogjet erogant: Comun di Romans dal Lusin\u00e7.<br>Some incasade: \u20ac 2.500,00<br>Date di incas: 04\/07\/2023<br>Caus\u00e2l: Contrib\u00fbt Folkest 2023<\/p>\n\n\n\n<p>Denominazion sogjet erogant: Regjon Autonome Fri\u00fbl Vignesie Julie<br>Some incasade: \u20ac 167.076,27\u00a0<br>Date di incas: 24\/02\/2023<br>Caus\u00e2l: Legge regionale 11 agosto 2014, n. 16, articolo. 13, secondo comma<\/p>\n\n\n\n<p>Denominazion sogjet erogant: Comun di Spilimberc<br>Some incasade: \u20ac 5.300,00<br>Date di incas: 01\/02\/2023<br>Caus\u00e2l:Contrib\u00fbt straordinari anno 2022<\/p>\n\n\n\n<p>Denominazion sogjet erogant: Comun di Spilimberc<br>Some incasade: \u20ac 19.200,00&nbsp;<br>Date di incas: 20\/01\/2023<br>Causale: Contrib\u00fbt ordinari anno 2022&nbsp;<\/p>\n\n\n\n<p>Denominazion sogjet erogant: Regjon Autonome Fri\u00fbl Vignesie Julie<br>Some incasade: \u20ac 10.560,00\u00a0<br>Date di incas: 19\/01\/2023<br>Caus\u00e2l: Legge regionale n. 21\/2016 art. 62 comma 1 lettere a) e b)<\/p>\n\n\n\n<p><\/p>\n\n\n\n<p>Publich\u00ecn da\u00fbr de le\u00e7 124 dal 4 avost 2017, art. 1, commi 125-129.<\/p>\n\n\n\n<div class=\"wp-block-buttons is-layout-flex wp-block-buttons-is-layout-flex\">\n<div class=\"wp-block-button\"><a class=\"wp-block-button__link has-background wp-element-button\" href=\"https:\/\/www.folkest.com\/wp-content\/uploads\/2025\/06\/CONTABILITA_TRASPARENTE_ACF_2024-2.pdf\" style=\"border-radius:49px;background-color:#65b5e5\">Contrib\u00fbts Asociazion Cultur\u00e2l Folkgiornale 2024<\/a><\/div>\n<\/div>\n\n\n\n<div style=\"height:49px\" aria-hidden=\"true\" class=\"wp-block-spacer\"><\/div>\n\n\n\n<div class=\"wp-block-buttons is-layout-flex wp-block-buttons-is-layout-flex\">\n<div class=\"wp-block-button\"><a class=\"wp-block-button__link has-background wp-element-button\" href=\"https:\/\/www.folkest.com\/wp-content\/uploads\/2025\/06\/bilancio-ets-2024-folkgiornale.pdf\" style=\"border-radius:33px;background-color:#65b5e5\">Bilancio ETS Folkgiornale 24<\/a><\/div>\n<\/div>\n","protected":false},"excerpt":{"rendered":"<p>Adempiment dai obligs di trasparince e di publicit\u00e2t. Le\u00e7 4 di avost 2017, n.124 \u2013 articul 1, comes 125-129 Denominazion e codis fisc\u00e2l dal sogjet ricevint: Rason soci\u00e2l: Asociazion Cultur\u00e2l Folkgiornale; Sede leg\u00e2l: San Den\u00eal dal Fri\u00fbl (UD) \u2013 vie Damiano Chiesa, 37; Sede fisc\u00e2l: 33030 DIGNAN (UD) \u2013 Via Maseris, 18\/B; Partide IVE\/Codis fisc\u00e2l: [&hellip;]<\/p>\n","protected":false},"author":2,"featured_media":0,"parent":0,"menu_order":0,"comment_status":"closed","ping_status":"closed","template":"","meta":{"footnotes":""},"class_list":["post-14801","page","type-page","status-publish","hentry"],"yoast_head":"<!-- This site is optimized with the Yoast SEO plugin v27.3 - https:\/\/yoast.com\/product\/yoast-seo-wordpress\/ -->\n<title>Aministrazion trasparent - Folkest - edizion 2026<\/title>\n<meta name=\"description\" content=\"Adempimento degli obblighi di trasparenza e di pubblicit\u00e0. Legge 4 agosto 2017, n.124 - articolo 1, commi 125-129\" \/>\n<meta name=\"robots\" content=\"noindex, nofollow\" \/>\n<meta property=\"og:locale\" content=\"en_US\" \/>\n<meta property=\"og:type\" content=\"article\" \/>\n<meta property=\"og:title\" content=\"Aministrazion trasparent - Folkest - edizion 2026\" \/>\n<meta property=\"og:description\" content=\"Adempimento degli obblighi di trasparenza e di pubblicit\u00e0. Legge 4 agosto 2017, n.124 - articolo 1, commi 125-129\" \/>\n<meta property=\"og:url\" content=\"https:\/\/www.folkest.com\/fur\/aministrazion-trasparent\/\" \/>\n<meta property=\"og:site_name\" content=\"Folkest - edizion 2026\" \/>\n<meta property=\"article:publisher\" content=\"https:\/\/www.facebook.com\/FolkestFestival\" \/>\n<meta property=\"article:modified_time\" content=\"2025-11-19T15:34:30+00:00\" \/>\n<meta name=\"twitter:label1\" content=\"Est. reading time\" \/>\n\t<meta name=\"twitter:data1\" content=\"3 minutes\" \/>\n<script type=\"application\/ld+json\" class=\"yoast-schema-graph\">{\"@context\":\"https:\\\/\\\/schema.org\",\"@graph\":[{\"@type\":\"WebPage\",\"@id\":\"https:\\\/\\\/www.folkest.com\\\/fur\\\/aministrazion-trasparent\\\/\",\"url\":\"https:\\\/\\\/www.folkest.com\\\/fur\\\/aministrazion-trasparent\\\/\",\"name\":\"Aministrazion trasparent - Folkest - edizion 2026\",\"isPartOf\":{\"@id\":\"https:\\\/\\\/www.folkest.com\\\/#website\"},\"datePublished\":\"2019-04-16T05:27:31+00:00\",\"dateModified\":\"2025-11-19T15:34:30+00:00\",\"description\":\"Adempimento degli obblighi di trasparenza e di pubblicit\u00e0. Legge 4 agosto 2017, n.124 - articolo 1, commi 125-129\",\"breadcrumb\":{\"@id\":\"https:\\\/\\\/www.folkest.com\\\/fur\\\/aministrazion-trasparent\\\/#breadcrumb\"},\"inLanguage\":\"fur\",\"potentialAction\":[{\"@type\":\"ReadAction\",\"target\":[\"https:\\\/\\\/www.folkest.com\\\/fur\\\/aministrazion-trasparent\\\/\"]}]},{\"@type\":\"BreadcrumbList\",\"@id\":\"https:\\\/\\\/www.folkest.com\\\/fur\\\/aministrazion-trasparent\\\/#breadcrumb\",\"itemListElement\":[{\"@type\":\"ListItem\",\"position\":1,\"name\":\"Home\",\"item\":\"https:\\\/\\\/www.folkest.com\\\/fur\\\/\"},{\"@type\":\"ListItem\",\"position\":2,\"name\":\"Aministrazion trasparent\"}]},{\"@type\":\"WebSite\",\"@id\":\"https:\\\/\\\/www.folkest.com\\\/#website\",\"url\":\"https:\\\/\\\/www.folkest.com\\\/\",\"name\":\"Folkest - edizion 2026\",\"description\":\"International Folk Festival\",\"publisher\":{\"@id\":\"https:\\\/\\\/www.folkest.com\\\/#organization\"},\"potentialAction\":[{\"@type\":\"SearchAction\",\"target\":{\"@type\":\"EntryPoint\",\"urlTemplate\":\"https:\\\/\\\/www.folkest.com\\\/?s={search_term_string}\"},\"query-input\":{\"@type\":\"PropertyValueSpecification\",\"valueRequired\":true,\"valueName\":\"search_term_string\"}}],\"inLanguage\":\"fur\"},{\"@type\":\"Organization\",\"@id\":\"https:\\\/\\\/www.folkest.com\\\/#organization\",\"name\":\"Folkest\",\"url\":\"https:\\\/\\\/www.folkest.com\\\/\",\"logo\":{\"@type\":\"ImageObject\",\"inLanguage\":\"fur\",\"@id\":\"https:\\\/\\\/www.folkest.com\\\/#\\\/schema\\\/logo\\\/image\\\/\",\"url\":\"https:\\\/\\\/www.folkest.com\\\/\\\/wp-content\\\/uploads\\\/2023\\\/04\\\/Logo-Folkest-international-folk-music-festival.png\",\"contentUrl\":\"https:\\\/\\\/www.folkest.com\\\/\\\/wp-content\\\/uploads\\\/2023\\\/04\\\/Logo-Folkest-international-folk-music-festival.png\",\"width\":704,\"height\":289,\"caption\":\"Folkest\"},\"image\":{\"@id\":\"https:\\\/\\\/www.folkest.com\\\/#\\\/schema\\\/logo\\\/image\\\/\"},\"sameAs\":[\"https:\\\/\\\/www.facebook.com\\\/FolkestFestival\",\"https:\\\/\\\/www.instagram.com\\\/folkest_\\\/\",\"https:\\\/\\\/www.youtube.com\\\/channel\\\/UCEvUMMmkI1u-BN9eGpGB0-Q\"]}]}<\/script>\n<!-- \/ Yoast SEO plugin. -->","yoast_head_json":{"title":"Aministrazion trasparent - Folkest - edizion 2026","description":"Adempimento degli obblighi di trasparenza e di pubblicit\u00e0. Legge 4 agosto 2017, n.124 - articolo 1, commi 125-129","robots":{"index":"noindex","follow":"nofollow"},"og_locale":"en_US","og_type":"article","og_title":"Aministrazion trasparent - Folkest - edizion 2026","og_description":"Adempimento degli obblighi di trasparenza e di pubblicit\u00e0. Legge 4 agosto 2017, n.124 - articolo 1, commi 125-129","og_url":"https:\/\/www.folkest.com\/fur\/aministrazion-trasparent\/","og_site_name":"Folkest - edizion 2026","article_publisher":"https:\/\/www.facebook.com\/FolkestFestival","article_modified_time":"2025-11-19T15:34:30+00:00","twitter_misc":{"Est. reading time":"3 minutes"},"schema":{"@context":"https:\/\/schema.org","@graph":[{"@type":"WebPage","@id":"https:\/\/www.folkest.com\/fur\/aministrazion-trasparent\/","url":"https:\/\/www.folkest.com\/fur\/aministrazion-trasparent\/","name":"Aministrazion trasparent - Folkest - edizion 2026","isPartOf":{"@id":"https:\/\/www.folkest.com\/#website"},"datePublished":"2019-04-16T05:27:31+00:00","dateModified":"2025-11-19T15:34:30+00:00","description":"Adempimento degli obblighi di trasparenza e di pubblicit\u00e0. Legge 4 agosto 2017, n.124 - articolo 1, commi 125-129","breadcrumb":{"@id":"https:\/\/www.folkest.com\/fur\/aministrazion-trasparent\/#breadcrumb"},"inLanguage":"fur","potentialAction":[{"@type":"ReadAction","target":["https:\/\/www.folkest.com\/fur\/aministrazion-trasparent\/"]}]},{"@type":"BreadcrumbList","@id":"https:\/\/www.folkest.com\/fur\/aministrazion-trasparent\/#breadcrumb","itemListElement":[{"@type":"ListItem","position":1,"name":"Home","item":"https:\/\/www.folkest.com\/fur\/"},{"@type":"ListItem","position":2,"name":"Aministrazion trasparent"}]},{"@type":"WebSite","@id":"https:\/\/www.folkest.com\/#website","url":"https:\/\/www.folkest.com\/","name":"Folkest - edizion 2026","description":"International Folk Festival","publisher":{"@id":"https:\/\/www.folkest.com\/#organization"},"potentialAction":[{"@type":"SearchAction","target":{"@type":"EntryPoint","urlTemplate":"https:\/\/www.folkest.com\/?s={search_term_string}"},"query-input":{"@type":"PropertyValueSpecification","valueRequired":true,"valueName":"search_term_string"}}],"inLanguage":"fur"},{"@type":"Organization","@id":"https:\/\/www.folkest.com\/#organization","name":"Folkest","url":"https:\/\/www.folkest.com\/","logo":{"@type":"ImageObject","inLanguage":"fur","@id":"https:\/\/www.folkest.com\/#\/schema\/logo\/image\/","url":"https:\/\/www.folkest.com\/\/wp-content\/uploads\/2023\/04\/Logo-Folkest-international-folk-music-festival.png","contentUrl":"https:\/\/www.folkest.com\/\/wp-content\/uploads\/2023\/04\/Logo-Folkest-international-folk-music-festival.png","width":704,"height":289,"caption":"Folkest"},"image":{"@id":"https:\/\/www.folkest.com\/#\/schema\/logo\/image\/"},"sameAs":["https:\/\/www.facebook.com\/FolkestFestival","https:\/\/www.instagram.com\/folkest_\/","https:\/\/www.youtube.com\/channel\/UCEvUMMmkI1u-BN9eGpGB0-Q"]}]}},"_links":{"self":[{"href":"https:\/\/www.folkest.com\/fur\/wp-json\/wp\/v2\/pages\/14801","targetHints":{"allow":["GET"]}}],"collection":[{"href":"https:\/\/www.folkest.com\/fur\/wp-json\/wp\/v2\/pages"}],"about":[{"href":"https:\/\/www.folkest.com\/fur\/wp-json\/wp\/v2\/types\/page"}],"author":[{"embeddable":true,"href":"https:\/\/www.folkest.com\/fur\/wp-json\/wp\/v2\/users\/2"}],"replies":[{"embeddable":true,"href":"https:\/\/www.folkest.com\/fur\/wp-json\/wp\/v2\/comments?post=14801"}],"version-history":[{"count":3,"href":"https:\/\/www.folkest.com\/fur\/wp-json\/wp\/v2\/pages\/14801\/revisions"}],"predecessor-version":[{"id":40534,"href":"https:\/\/www.folkest.com\/fur\/wp-json\/wp\/v2\/pages\/14801\/revisions\/40534"}],"wp:attachment":[{"href":"https:\/\/www.folkest.com\/fur\/wp-json\/wp\/v2\/media?parent=14801"}],"curies":[{"name":"wp","href":"https:\/\/api.w.org\/{rel}","templated":true}]}}