{"id":25446,"date":"2021-03-16T12:20:34","date_gmt":"2021-03-16T10:20:34","guid":{"rendered":"https:\/\/www.folkest.com\/\/la-storia-di-folkest\/"},"modified":"2025-03-19T12:05:36","modified_gmt":"2025-03-19T11:05:36","slug":"la-storie-di-folkest","status":"publish","type":"page","link":"https:\/\/www.folkest.com\/fur\/la-storie-di-folkest\/","title":{"rendered":"La storie di Folkest"},"content":{"rendered":"\n<h2 class=\"wp-block-heading has-text-align-center\"><strong>A son st\u00e2ts cun n\u00f4<\/strong><\/h2>\n\n\n\n<p>A son st\u00e2ts cun n\u00f4e cjantaut\u00f4rs e musiciscj di dut il mont, par nomen\u00e2 cualchi esempli: Joe Cocker (Gran Bretagne), Joan Baez (USA), Angelo Branduardi (Italie), Fairport Convention (Inghiltere), Noa (Israel), America (USA), Donovan (Gran Bretagne), Elio e le storie tese (Italie), Los Lobos (USA), Bob Dylan (USA), Jackson Brown (USA), Jethro Tull (Inghiltere), Edoardo Bennato (Italie), David Crosby (USA), Fabrizio De Andr\u00e8 (Italie), Miriam Makeba (Sud Afriche), Vlado Kreslin (Slovenie), Goran Bregovi\u0107 (BiH), David Crosby (USA); James Taylor (USA); Elisa (Italie).<\/p>\n\n\n\n<p><\/p>\n\n\n\n<h2 class=\"wp-block-heading\">I l\u00fbcs di Folkest dal 1979 al 2020<\/h2>\n\n\n\n<p>L\u2019integrazion tra la propueste cultur\u00e2l e artistiche che a ponte a un turisim cultur\u00e2l di prof\u00eel medio-alt a \u00e8 stade da simpri la ponte di diamant di Folkest, insieme al grant rapuart instaur\u00e2t cun ducj i organizad\u00f4rs. Un progjet di coinvolgiment teritori\u00e2l e cultur\u00e2l dai comuns medio-pi\u00e7ui de regjon che a colaborin par un svilup economic sostignibil, che al ponte a promozion di teritori e comunit\u00e2ts mancul cognossudis.<\/p>\n\n\n\n<p><\/p>\n\n\n<div class=\"wp-block-image\">\n<figure class=\"aligncenter size-large\"><a href=\"https:\/\/www.google.com\/maps\/d\/u\/2\/viewer?mid=1qCSrIiiVaHctPRYvCrDfOPnKchl6QCVe&amp;ll=45.99811739732415%2C12.863690549999998&amp;z=9\"><img loading=\"lazy\" decoding=\"async\" width=\"1024\" height=\"462\" src=\"https:\/\/www.folkest.com\/wp-content\/uploads\/2024\/04\/Folkest_Luoghi_79-20-1024x462.png\" alt=\"\" class=\"wp-image-29115\" srcset=\"https:\/\/www.folkest.com\/wp-content\/uploads\/2024\/04\/Folkest_Luoghi_79-20-1024x462.png 1024w, https:\/\/www.folkest.com\/wp-content\/uploads\/2024\/04\/Folkest_Luoghi_79-20-300x135.png 300w, https:\/\/www.folkest.com\/wp-content\/uploads\/2024\/04\/Folkest_Luoghi_79-20-768x347.png 768w, https:\/\/www.folkest.com\/wp-content\/uploads\/2024\/04\/Folkest_Luoghi_79-20.png 1280w\" sizes=\"auto, (max-width: 1024px) 100vw, 1024px\" \/><\/a><\/figure>\n<\/div>","protected":false},"excerpt":{"rendered":"<p>A son st\u00e2ts cun n\u00f4 A son st\u00e2ts cun n\u00f4e cjantaut\u00f4rs e musiciscj di dut il mont, par nomen\u00e2 cualchi esempli: Joe Cocker (Gran Bretagne), Joan Baez (USA), Angelo Branduardi (Italie), Fairport Convention (Inghiltere), Noa (Israel), America (USA), Donovan (Gran Bretagne), Elio e le storie tese (Italie), Los Lobos (USA), Bob Dylan (USA), Jackson Brown [&hellip;]<\/p>\n","protected":false},"author":2,"featured_media":0,"parent":0,"menu_order":0,"comment_status":"closed","ping_status":"closed","template":"","meta":{"footnotes":""},"class_list":["post-25446","page","type-page","status-publish","hentry"],"yoast_head":"<!-- This site is optimized with the Yoast SEO plugin v27.3 - https:\/\/yoast.com\/product\/yoast-seo-wordpress\/ -->\n<title>La storia di Folkest | Folkest international folk festival<\/title>\n<meta name=\"description\" content=\"La grande storia di Folkest raccontata da manifesti, immagini e dagli artisti che si sono esibiti negli anni sui palchi di Folkest.\" \/>\n<meta name=\"robots\" content=\"index, follow, max-snippet:-1, max-image-preview:large, max-video-preview:-1\" \/>\n<link rel=\"canonical\" href=\"https:\/\/www.folkest.com\/fur\/la-storie-di-folkest\/\" \/>\n<meta property=\"og:locale\" content=\"en_US\" \/>\n<meta property=\"og:type\" content=\"article\" \/>\n<meta property=\"og:title\" content=\"La storia di Folkest | Folkest international folk festival\" \/>\n<meta property=\"og:description\" content=\"La grande storia di Folkest raccontata da manifesti, immagini e dagli artisti che si sono esibiti negli anni sui palchi di Folkest.\" \/>\n<meta property=\"og:url\" content=\"https:\/\/www.folkest.com\/fur\/la-storie-di-folkest\/\" \/>\n<meta property=\"og:site_name\" content=\"Folkest - edizion 2026\" \/>\n<meta property=\"article:publisher\" content=\"https:\/\/www.facebook.com\/FolkestFestival\" \/>\n<meta property=\"article:modified_time\" content=\"2025-03-19T11:05:36+00:00\" \/>\n<meta property=\"og:image\" content=\"https:\/\/www.folkest.com\/wp-content\/uploads\/2024\/04\/Folkest_Luoghi_79-20.png\" \/>\n\t<meta property=\"og:image:width\" content=\"1280\" \/>\n\t<meta property=\"og:image:height\" content=\"578\" \/>\n\t<meta property=\"og:image:type\" content=\"image\/png\" \/>\n<meta name=\"twitter:label1\" content=\"Est. reading time\" \/>\n\t<meta name=\"twitter:data1\" content=\"1 minute\" \/>\n<script type=\"application\/ld+json\" class=\"yoast-schema-graph\">{\"@context\":\"https:\\\/\\\/schema.org\",\"@graph\":[{\"@type\":\"WebPage\",\"@id\":\"https:\\\/\\\/www.folkest.com\\\/fur\\\/la-storie-di-folkest\\\/\",\"url\":\"https:\\\/\\\/www.folkest.com\\\/fur\\\/la-storie-di-folkest\\\/\",\"name\":\"La storia di Folkest | Folkest international folk festival\",\"isPartOf\":{\"@id\":\"https:\\\/\\\/www.folkest.com\\\/#website\"},\"primaryImageOfPage\":{\"@id\":\"https:\\\/\\\/www.folkest.com\\\/fur\\\/la-storie-di-folkest\\\/#primaryimage\"},\"image\":{\"@id\":\"https:\\\/\\\/www.folkest.com\\\/fur\\\/la-storie-di-folkest\\\/#primaryimage\"},\"thumbnailUrl\":\"https:\\\/\\\/www.folkest.com\\\/wp-content\\\/uploads\\\/2024\\\/04\\\/Folkest_Luoghi_79-20-1024x462.png\",\"datePublished\":\"2021-03-16T10:20:34+00:00\",\"dateModified\":\"2025-03-19T11:05:36+00:00\",\"description\":\"La grande storia di Folkest raccontata da manifesti, immagini e dagli artisti che si sono esibiti negli anni sui palchi di Folkest.\",\"breadcrumb\":{\"@id\":\"https:\\\/\\\/www.folkest.com\\\/fur\\\/la-storie-di-folkest\\\/#breadcrumb\"},\"inLanguage\":\"fur\",\"potentialAction\":[{\"@type\":\"ReadAction\",\"target\":[\"https:\\\/\\\/www.folkest.com\\\/fur\\\/la-storie-di-folkest\\\/\"]}]},{\"@type\":\"ImageObject\",\"inLanguage\":\"fur\",\"@id\":\"https:\\\/\\\/www.folkest.com\\\/fur\\\/la-storie-di-folkest\\\/#primaryimage\",\"url\":\"https:\\\/\\\/www.folkest.com\\\/wp-content\\\/uploads\\\/2024\\\/04\\\/Folkest_Luoghi_79-20-1024x462.png\",\"contentUrl\":\"https:\\\/\\\/www.folkest.com\\\/wp-content\\\/uploads\\\/2024\\\/04\\\/Folkest_Luoghi_79-20-1024x462.png\"},{\"@type\":\"BreadcrumbList\",\"@id\":\"https:\\\/\\\/www.folkest.com\\\/fur\\\/la-storie-di-folkest\\\/#breadcrumb\",\"itemListElement\":[{\"@type\":\"ListItem\",\"position\":1,\"name\":\"Home\",\"item\":\"https:\\\/\\\/www.folkest.com\\\/fur\\\/\"},{\"@type\":\"ListItem\",\"position\":2,\"name\":\"La storie di Folkest\"}]},{\"@type\":\"WebSite\",\"@id\":\"https:\\\/\\\/www.folkest.com\\\/#website\",\"url\":\"https:\\\/\\\/www.folkest.com\\\/\",\"name\":\"Folkest - edizion 2026\",\"description\":\"International Folk Festival\",\"publisher\":{\"@id\":\"https:\\\/\\\/www.folkest.com\\\/#organization\"},\"potentialAction\":[{\"@type\":\"SearchAction\",\"target\":{\"@type\":\"EntryPoint\",\"urlTemplate\":\"https:\\\/\\\/www.folkest.com\\\/?s={search_term_string}\"},\"query-input\":{\"@type\":\"PropertyValueSpecification\",\"valueRequired\":true,\"valueName\":\"search_term_string\"}}],\"inLanguage\":\"fur\"},{\"@type\":\"Organization\",\"@id\":\"https:\\\/\\\/www.folkest.com\\\/#organization\",\"name\":\"Folkest\",\"url\":\"https:\\\/\\\/www.folkest.com\\\/\",\"logo\":{\"@type\":\"ImageObject\",\"inLanguage\":\"fur\",\"@id\":\"https:\\\/\\\/www.folkest.com\\\/#\\\/schema\\\/logo\\\/image\\\/\",\"url\":\"https:\\\/\\\/www.folkest.com\\\/\\\/wp-content\\\/uploads\\\/2023\\\/04\\\/Logo-Folkest-international-folk-music-festival.png\",\"contentUrl\":\"https:\\\/\\\/www.folkest.com\\\/\\\/wp-content\\\/uploads\\\/2023\\\/04\\\/Logo-Folkest-international-folk-music-festival.png\",\"width\":704,\"height\":289,\"caption\":\"Folkest\"},\"image\":{\"@id\":\"https:\\\/\\\/www.folkest.com\\\/#\\\/schema\\\/logo\\\/image\\\/\"},\"sameAs\":[\"https:\\\/\\\/www.facebook.com\\\/FolkestFestival\",\"https:\\\/\\\/www.instagram.com\\\/folkest_\\\/\",\"https:\\\/\\\/www.youtube.com\\\/channel\\\/UCEvUMMmkI1u-BN9eGpGB0-Q\"]}]}<\/script>\n<!-- \/ Yoast SEO plugin. -->","yoast_head_json":{"title":"La storia di Folkest | Folkest international folk festival","description":"La grande storia di Folkest raccontata da manifesti, immagini e dagli artisti che si sono esibiti negli anni sui palchi di Folkest.","robots":{"index":"index","follow":"follow","max-snippet":"max-snippet:-1","max-image-preview":"max-image-preview:large","max-video-preview":"max-video-preview:-1"},"canonical":"https:\/\/www.folkest.com\/fur\/la-storie-di-folkest\/","og_locale":"en_US","og_type":"article","og_title":"La storia di Folkest | Folkest international folk festival","og_description":"La grande storia di Folkest raccontata da manifesti, immagini e dagli artisti che si sono esibiti negli anni sui palchi di Folkest.","og_url":"https:\/\/www.folkest.com\/fur\/la-storie-di-folkest\/","og_site_name":"Folkest - edizion 2026","article_publisher":"https:\/\/www.facebook.com\/FolkestFestival","article_modified_time":"2025-03-19T11:05:36+00:00","og_image":[{"width":1280,"height":578,"url":"https:\/\/www.folkest.com\/wp-content\/uploads\/2024\/04\/Folkest_Luoghi_79-20.png","type":"image\/png"}],"twitter_misc":{"Est. reading time":"1 minute"},"schema":{"@context":"https:\/\/schema.org","@graph":[{"@type":"WebPage","@id":"https:\/\/www.folkest.com\/fur\/la-storie-di-folkest\/","url":"https:\/\/www.folkest.com\/fur\/la-storie-di-folkest\/","name":"La storia di Folkest | Folkest international folk festival","isPartOf":{"@id":"https:\/\/www.folkest.com\/#website"},"primaryImageOfPage":{"@id":"https:\/\/www.folkest.com\/fur\/la-storie-di-folkest\/#primaryimage"},"image":{"@id":"https:\/\/www.folkest.com\/fur\/la-storie-di-folkest\/#primaryimage"},"thumbnailUrl":"https:\/\/www.folkest.com\/wp-content\/uploads\/2024\/04\/Folkest_Luoghi_79-20-1024x462.png","datePublished":"2021-03-16T10:20:34+00:00","dateModified":"2025-03-19T11:05:36+00:00","description":"La grande storia di Folkest raccontata da manifesti, immagini e dagli artisti che si sono esibiti negli anni sui palchi di Folkest.","breadcrumb":{"@id":"https:\/\/www.folkest.com\/fur\/la-storie-di-folkest\/#breadcrumb"},"inLanguage":"fur","potentialAction":[{"@type":"ReadAction","target":["https:\/\/www.folkest.com\/fur\/la-storie-di-folkest\/"]}]},{"@type":"ImageObject","inLanguage":"fur","@id":"https:\/\/www.folkest.com\/fur\/la-storie-di-folkest\/#primaryimage","url":"https:\/\/www.folkest.com\/wp-content\/uploads\/2024\/04\/Folkest_Luoghi_79-20-1024x462.png","contentUrl":"https:\/\/www.folkest.com\/wp-content\/uploads\/2024\/04\/Folkest_Luoghi_79-20-1024x462.png"},{"@type":"BreadcrumbList","@id":"https:\/\/www.folkest.com\/fur\/la-storie-di-folkest\/#breadcrumb","itemListElement":[{"@type":"ListItem","position":1,"name":"Home","item":"https:\/\/www.folkest.com\/fur\/"},{"@type":"ListItem","position":2,"name":"La storie di Folkest"}]},{"@type":"WebSite","@id":"https:\/\/www.folkest.com\/#website","url":"https:\/\/www.folkest.com\/","name":"Folkest - edizion 2026","description":"International Folk Festival","publisher":{"@id":"https:\/\/www.folkest.com\/#organization"},"potentialAction":[{"@type":"SearchAction","target":{"@type":"EntryPoint","urlTemplate":"https:\/\/www.folkest.com\/?s={search_term_string}"},"query-input":{"@type":"PropertyValueSpecification","valueRequired":true,"valueName":"search_term_string"}}],"inLanguage":"fur"},{"@type":"Organization","@id":"https:\/\/www.folkest.com\/#organization","name":"Folkest","url":"https:\/\/www.folkest.com\/","logo":{"@type":"ImageObject","inLanguage":"fur","@id":"https:\/\/www.folkest.com\/#\/schema\/logo\/image\/","url":"https:\/\/www.folkest.com\/\/wp-content\/uploads\/2023\/04\/Logo-Folkest-international-folk-music-festival.png","contentUrl":"https:\/\/www.folkest.com\/\/wp-content\/uploads\/2023\/04\/Logo-Folkest-international-folk-music-festival.png","width":704,"height":289,"caption":"Folkest"},"image":{"@id":"https:\/\/www.folkest.com\/#\/schema\/logo\/image\/"},"sameAs":["https:\/\/www.facebook.com\/FolkestFestival","https:\/\/www.instagram.com\/folkest_\/","https:\/\/www.youtube.com\/channel\/UCEvUMMmkI1u-BN9eGpGB0-Q"]}]}},"_links":{"self":[{"href":"https:\/\/www.folkest.com\/fur\/wp-json\/wp\/v2\/pages\/25446","targetHints":{"allow":["GET"]}}],"collection":[{"href":"https:\/\/www.folkest.com\/fur\/wp-json\/wp\/v2\/pages"}],"about":[{"href":"https:\/\/www.folkest.com\/fur\/wp-json\/wp\/v2\/types\/page"}],"author":[{"embeddable":true,"href":"https:\/\/www.folkest.com\/fur\/wp-json\/wp\/v2\/users\/2"}],"replies":[{"embeddable":true,"href":"https:\/\/www.folkest.com\/fur\/wp-json\/wp\/v2\/comments?post=25446"}],"version-history":[{"count":5,"href":"https:\/\/www.folkest.com\/fur\/wp-json\/wp\/v2\/pages\/25446\/revisions"}],"predecessor-version":[{"id":37637,"href":"https:\/\/www.folkest.com\/fur\/wp-json\/wp\/v2\/pages\/25446\/revisions\/37637"}],"wp:attachment":[{"href":"https:\/\/www.folkest.com\/fur\/wp-json\/wp\/v2\/media?parent=25446"}],"curies":[{"name":"wp","href":"https:\/\/api.w.org\/{rel}","templated":true}]}}