{"id":25595,"date":"2013-06-26T07:12:28","date_gmt":"2013-06-26T07:12:28","guid":{"rendered":"https:\/\/www.folkest.com\/\/il-premio-folkest-alla-carriera\/"},"modified":"2024-07-09T14:12:06","modified_gmt":"2024-07-09T12:12:06","slug":"il-premio-folkest-alla-carriera","status":"publish","type":"page","link":"https:\/\/www.folkest.com\/fur\/il-premio-folkest-alla-carriera\/","title":{"rendered":"Il premi Folkest &#8211; une vite par le musiche"},"content":{"rendered":"\n<p>Dal <strong>1996<\/strong> Folkest al \u00e0 asegn\u00e2t in ogni singule edizion un premi particol\u00e2t riserv\u00e2t a cui che al \u00e0 lass\u00e2t \u2013 tal cors de s\u00f4 cariere artistiche \u2013 un segn indelebil te musiche e te societ\u00e2t. Cheste a \u00e8 la liste detai\u00e2de dai premi\u00e2ts an dopo an.<\/p>\n\n\n\n<h3 class=\"wp-block-heading\">Ducj i premi\u00e2ts:<\/h3>\n\n\n\n<p><br>1996 Ian Anderson (Jethro Tull) &#8211; <em>Inghilterra<\/em><br>1997 Andreas Vollenweider &#8211; <em>Svizzera<\/em><br>1998 Allan Taylor &#8211; <em>Inghilterra<\/em><br>1999 James Taylor &#8211; <em>Usa<\/em><br>2000 Paddy Moloney (The Chieftains) &#8211; <em>Irlanda<\/em><br>2001 Joan Baez &#8211; <em>Usa<\/em><br>2002 Noa &#8211; <em>Israele<\/em><br>2003 Alice &#8211; <em>Italia<\/em><br>2004 Steve Winwood &#8211; <em>Inghilterra<\/em><br>2005 Riccardo Tesi &#8211; <em>Italia<\/em><br>2006 Moya Brennan &#8211; <em>Irlanda<\/em><br>2007 Avion Travel &#8211; <em>Italia<\/em><br>2008 Carlos Nu\u00f1ez &#8211; <em>Galizia<\/em><br>2009 Roberto Vecchioni &#8211; <em>Italia<\/em><br>2010 Alan Stivell &#8211; <em>Bretagna<\/em><br>2011 Edoardo De Angelis &#8211; <em>Italia<\/em><br>2012 Claudio Baglioni &#8211; <em>Italia<\/em><br>2013 Antonella Ruggiero <em>Italia <\/em>&#8211; Simone Cristicchi <em>Italia<\/em><br>2014 Valter Sivilotti &#8211; <em>Friuli<\/em><br>2015 Angelo Branduardi &#8211; <em>Italia<\/em><br>2016 Luigi Lai &#8211; <em>Sardegna<\/em><br>2017 Fairport Convention &#8211; <em>Inghilterra<\/em><br>2018 Claudio Trotta &#8211; <em>Italia<\/em><br>2019 Alberto Fortis &#8211; <em>Italia<\/em><br>2020 Teresa de Sio &#8211; <em>Italia<\/em><br>2021 Enzo Avitabile &#8211; Italia<br>2022 Judy Collins &#8211; Usa<\/p>\n\n\n\n<p>Nel 2023 il Premi Folkest al \u00e8 st\u00e2t assegn\u00e2t a <strong>Nuova Compagnia di Canto Popolar<\/strong>e &#8211; Italia<\/p>\n\n\n\n<p><\/p>\n","protected":false},"excerpt":{"rendered":"<p>Dal 1996 Folkest al \u00e0 asegn\u00e2t in ogni singule edizion un premi particol\u00e2t riserv\u00e2t a cui che al \u00e0 lass\u00e2t \u2013 tal cors de s\u00f4 cariere artistiche \u2013 un segn indelebil te musiche e te societ\u00e2t. Cheste a \u00e8 la liste detai\u00e2de dai premi\u00e2ts an dopo an. Ducj i premi\u00e2ts: 1996 Ian Anderson (Jethro Tull) [&hellip;]<\/p>\n","protected":false},"author":2,"featured_media":0,"parent":0,"menu_order":31,"comment_status":"closed","ping_status":"closed","template":"","meta":{"footnotes":""},"class_list":["post-25595","page","type-page","status-publish","hentry"],"yoast_head":"<!-- This site is optimized with the Yoast SEO plugin v27.3 - https:\/\/yoast.com\/product\/yoast-seo-wordpress\/ -->\n<title>Il premi Folkest - une vite par le musiche - Folkest - edizion 2026<\/title>\n<meta name=\"description\" content=\"Luigi Lai, Angelo Branduardi, Valter Sivilotti, Simone Cristicchi, Antonella Ruggiero e molti altri artisti che si sono assegnati il Premio Folkest.\" \/>\n<meta name=\"robots\" content=\"index, follow, max-snippet:-1, max-image-preview:large, max-video-preview:-1\" \/>\n<link rel=\"canonical\" href=\"https:\/\/www.folkest.com\/fur\/il-premio-folkest-alla-carriera\/\" \/>\n<meta property=\"og:locale\" content=\"en_US\" \/>\n<meta property=\"og:type\" content=\"article\" \/>\n<meta property=\"og:title\" content=\"Il premi Folkest - une vite par le musiche - Folkest - edizion 2026\" \/>\n<meta property=\"og:description\" content=\"Luigi Lai, Angelo Branduardi, Valter Sivilotti, Simone Cristicchi, Antonella Ruggiero e molti altri artisti che si sono assegnati il Premio Folkest.\" \/>\n<meta property=\"og:url\" content=\"https:\/\/www.folkest.com\/fur\/il-premio-folkest-alla-carriera\/\" \/>\n<meta property=\"og:site_name\" content=\"Folkest - edizion 2026\" \/>\n<meta property=\"article:publisher\" content=\"https:\/\/www.facebook.com\/FolkestFestival\" \/>\n<meta property=\"article:modified_time\" content=\"2024-07-09T12:12:06+00:00\" \/>\n<meta name=\"twitter:label1\" content=\"Est. reading time\" \/>\n\t<meta name=\"twitter:data1\" content=\"1 minute\" \/>\n<script type=\"application\/ld+json\" class=\"yoast-schema-graph\">{\"@context\":\"https:\\\/\\\/schema.org\",\"@graph\":[{\"@type\":\"WebPage\",\"@id\":\"https:\\\/\\\/www.folkest.com\\\/fur\\\/il-premio-folkest-alla-carriera\\\/\",\"url\":\"https:\\\/\\\/www.folkest.com\\\/fur\\\/il-premio-folkest-alla-carriera\\\/\",\"name\":\"Il premi Folkest - une vite par le musiche - Folkest - edizion 2026\",\"isPartOf\":{\"@id\":\"https:\\\/\\\/www.folkest.com\\\/#website\"},\"datePublished\":\"2013-06-26T07:12:28+00:00\",\"dateModified\":\"2024-07-09T12:12:06+00:00\",\"description\":\"Luigi Lai, Angelo Branduardi, Valter Sivilotti, Simone Cristicchi, Antonella Ruggiero e molti altri artisti che si sono assegnati il Premio Folkest.\",\"breadcrumb\":{\"@id\":\"https:\\\/\\\/www.folkest.com\\\/fur\\\/il-premio-folkest-alla-carriera\\\/#breadcrumb\"},\"inLanguage\":\"fur\",\"potentialAction\":[{\"@type\":\"ReadAction\",\"target\":[\"https:\\\/\\\/www.folkest.com\\\/fur\\\/il-premio-folkest-alla-carriera\\\/\"]}]},{\"@type\":\"BreadcrumbList\",\"@id\":\"https:\\\/\\\/www.folkest.com\\\/fur\\\/il-premio-folkest-alla-carriera\\\/#breadcrumb\",\"itemListElement\":[{\"@type\":\"ListItem\",\"position\":1,\"name\":\"Home\",\"item\":\"https:\\\/\\\/www.folkest.com\\\/fur\\\/\"},{\"@type\":\"ListItem\",\"position\":2,\"name\":\"Il premi Folkest &#8211; une vite par le musiche\"}]},{\"@type\":\"WebSite\",\"@id\":\"https:\\\/\\\/www.folkest.com\\\/#website\",\"url\":\"https:\\\/\\\/www.folkest.com\\\/\",\"name\":\"Folkest - edizion 2026\",\"description\":\"International Folk Festival\",\"publisher\":{\"@id\":\"https:\\\/\\\/www.folkest.com\\\/#organization\"},\"potentialAction\":[{\"@type\":\"SearchAction\",\"target\":{\"@type\":\"EntryPoint\",\"urlTemplate\":\"https:\\\/\\\/www.folkest.com\\\/?s={search_term_string}\"},\"query-input\":{\"@type\":\"PropertyValueSpecification\",\"valueRequired\":true,\"valueName\":\"search_term_string\"}}],\"inLanguage\":\"fur\"},{\"@type\":\"Organization\",\"@id\":\"https:\\\/\\\/www.folkest.com\\\/#organization\",\"name\":\"Folkest\",\"url\":\"https:\\\/\\\/www.folkest.com\\\/\",\"logo\":{\"@type\":\"ImageObject\",\"inLanguage\":\"fur\",\"@id\":\"https:\\\/\\\/www.folkest.com\\\/#\\\/schema\\\/logo\\\/image\\\/\",\"url\":\"https:\\\/\\\/www.folkest.com\\\/\\\/wp-content\\\/uploads\\\/2023\\\/04\\\/Logo-Folkest-international-folk-music-festival.png\",\"contentUrl\":\"https:\\\/\\\/www.folkest.com\\\/\\\/wp-content\\\/uploads\\\/2023\\\/04\\\/Logo-Folkest-international-folk-music-festival.png\",\"width\":704,\"height\":289,\"caption\":\"Folkest\"},\"image\":{\"@id\":\"https:\\\/\\\/www.folkest.com\\\/#\\\/schema\\\/logo\\\/image\\\/\"},\"sameAs\":[\"https:\\\/\\\/www.facebook.com\\\/FolkestFestival\",\"https:\\\/\\\/www.instagram.com\\\/folkest_\\\/\",\"https:\\\/\\\/www.youtube.com\\\/channel\\\/UCEvUMMmkI1u-BN9eGpGB0-Q\"]}]}<\/script>\n<!-- \/ Yoast SEO plugin. -->","yoast_head_json":{"title":"Il premi Folkest - une vite par le musiche - Folkest - edizion 2026","description":"Luigi Lai, Angelo Branduardi, Valter Sivilotti, Simone Cristicchi, Antonella Ruggiero e molti altri artisti che si sono assegnati il Premio Folkest.","robots":{"index":"index","follow":"follow","max-snippet":"max-snippet:-1","max-image-preview":"max-image-preview:large","max-video-preview":"max-video-preview:-1"},"canonical":"https:\/\/www.folkest.com\/fur\/il-premio-folkest-alla-carriera\/","og_locale":"en_US","og_type":"article","og_title":"Il premi Folkest - une vite par le musiche - Folkest - edizion 2026","og_description":"Luigi Lai, Angelo Branduardi, Valter Sivilotti, Simone Cristicchi, Antonella Ruggiero e molti altri artisti che si sono assegnati il Premio Folkest.","og_url":"https:\/\/www.folkest.com\/fur\/il-premio-folkest-alla-carriera\/","og_site_name":"Folkest - edizion 2026","article_publisher":"https:\/\/www.facebook.com\/FolkestFestival","article_modified_time":"2024-07-09T12:12:06+00:00","twitter_misc":{"Est. reading time":"1 minute"},"schema":{"@context":"https:\/\/schema.org","@graph":[{"@type":"WebPage","@id":"https:\/\/www.folkest.com\/fur\/il-premio-folkest-alla-carriera\/","url":"https:\/\/www.folkest.com\/fur\/il-premio-folkest-alla-carriera\/","name":"Il premi Folkest - une vite par le musiche - Folkest - edizion 2026","isPartOf":{"@id":"https:\/\/www.folkest.com\/#website"},"datePublished":"2013-06-26T07:12:28+00:00","dateModified":"2024-07-09T12:12:06+00:00","description":"Luigi Lai, Angelo Branduardi, Valter Sivilotti, Simone Cristicchi, Antonella Ruggiero e molti altri artisti che si sono assegnati il Premio Folkest.","breadcrumb":{"@id":"https:\/\/www.folkest.com\/fur\/il-premio-folkest-alla-carriera\/#breadcrumb"},"inLanguage":"fur","potentialAction":[{"@type":"ReadAction","target":["https:\/\/www.folkest.com\/fur\/il-premio-folkest-alla-carriera\/"]}]},{"@type":"BreadcrumbList","@id":"https:\/\/www.folkest.com\/fur\/il-premio-folkest-alla-carriera\/#breadcrumb","itemListElement":[{"@type":"ListItem","position":1,"name":"Home","item":"https:\/\/www.folkest.com\/fur\/"},{"@type":"ListItem","position":2,"name":"Il premi Folkest &#8211; une vite par le musiche"}]},{"@type":"WebSite","@id":"https:\/\/www.folkest.com\/#website","url":"https:\/\/www.folkest.com\/","name":"Folkest - edizion 2026","description":"International Folk Festival","publisher":{"@id":"https:\/\/www.folkest.com\/#organization"},"potentialAction":[{"@type":"SearchAction","target":{"@type":"EntryPoint","urlTemplate":"https:\/\/www.folkest.com\/?s={search_term_string}"},"query-input":{"@type":"PropertyValueSpecification","valueRequired":true,"valueName":"search_term_string"}}],"inLanguage":"fur"},{"@type":"Organization","@id":"https:\/\/www.folkest.com\/#organization","name":"Folkest","url":"https:\/\/www.folkest.com\/","logo":{"@type":"ImageObject","inLanguage":"fur","@id":"https:\/\/www.folkest.com\/#\/schema\/logo\/image\/","url":"https:\/\/www.folkest.com\/\/wp-content\/uploads\/2023\/04\/Logo-Folkest-international-folk-music-festival.png","contentUrl":"https:\/\/www.folkest.com\/\/wp-content\/uploads\/2023\/04\/Logo-Folkest-international-folk-music-festival.png","width":704,"height":289,"caption":"Folkest"},"image":{"@id":"https:\/\/www.folkest.com\/#\/schema\/logo\/image\/"},"sameAs":["https:\/\/www.facebook.com\/FolkestFestival","https:\/\/www.instagram.com\/folkest_\/","https:\/\/www.youtube.com\/channel\/UCEvUMMmkI1u-BN9eGpGB0-Q"]}]}},"_links":{"self":[{"href":"https:\/\/www.folkest.com\/fur\/wp-json\/wp\/v2\/pages\/25595","targetHints":{"allow":["GET"]}}],"collection":[{"href":"https:\/\/www.folkest.com\/fur\/wp-json\/wp\/v2\/pages"}],"about":[{"href":"https:\/\/www.folkest.com\/fur\/wp-json\/wp\/v2\/types\/page"}],"author":[{"embeddable":true,"href":"https:\/\/www.folkest.com\/fur\/wp-json\/wp\/v2\/users\/2"}],"replies":[{"embeddable":true,"href":"https:\/\/www.folkest.com\/fur\/wp-json\/wp\/v2\/comments?post=25595"}],"version-history":[{"count":5,"href":"https:\/\/www.folkest.com\/fur\/wp-json\/wp\/v2\/pages\/25595\/revisions"}],"predecessor-version":[{"id":33435,"href":"https:\/\/www.folkest.com\/fur\/wp-json\/wp\/v2\/pages\/25595\/revisions\/33435"}],"wp:attachment":[{"href":"https:\/\/www.folkest.com\/fur\/wp-json\/wp\/v2\/media?parent=25595"}],"curies":[{"name":"wp","href":"https:\/\/api.w.org\/{rel}","templated":true}]}}