{"id":30003,"date":"2021-07-07T09:51:44","date_gmt":"2021-07-07T07:51:44","guid":{"rendered":"https:\/\/www.folkest.com\/regolamento-concerti\/"},"modified":"2024-05-23T12:16:09","modified_gmt":"2024-05-23T10:16:09","slug":"regolament-dai-concierts","status":"publish","type":"page","link":"https:\/\/www.folkest.com\/fur\/regolament-dai-concierts\/","title":{"rendered":"Regolament dai concierts"},"content":{"rendered":"\n<h2 class=\"wp-block-heading\">Aces ai concierts<\/h2>\n\n\n\n<div class=\"wp-block-group is-vertical is-layout-flex wp-container-core-group-is-layout-8cf370e7 wp-block-group-is-layout-flex\">\n<p>L\u2019aces inte ar\u00ea e compuarte il rispiet di chest regolament;<\/p>\n\n\n\n<p>Il poses dal titul di aces e il rispiet di chest regolament a son condizions par l\u2019ingres e par pod\u00ea st\u00e2 inte zone da l\u2019event.<\/p>\n\n\n\n<p>Il titul di acces al v\u00e0 mostr\u00e2t in cualsiasei moment cunat ch\u2019a\u00f2 ven domand\u00e2t dal person\u00e2l di control e tign\u00fbt da cont fintremai a l\u2019uscide de zone.<\/p>\n<\/div>\n\n\n\n<p><strong>Al \u00e8 rigorosamenti improib\u00eet:<\/strong><\/p>\n\n\n\n<p>\u2022 Puart\u00e2 dentri VAL\u00ceS, TROLLEY, BORSIS e ZAINOS pi\u00f9 grants di 10lt.<\/p>\n\n\n\n<p>\u2022 Introdusi BOMBOLETIS SPRAY (antizanzaris, deodorants, cremes sol\u00e2rs, etc&#8230;)<\/p>\n\n\n\n<p>\u2022 Introdusi TROMBETIS DA STADIO<\/p>\n\n\n\n<p>\u2022 Introdusi o v\u00ea ARMES, MATERI\u00c2L ESPLOS\u00ceF, ARTIFIZIS PIROTECNICS, FUMOGJENOS, RAZOS DI SEGNALAZION, CLAPS, CURTIS o ALTRIS OGJETS cun PONTIS o LAMIS;<\/p>\n\n\n\n<p>\u2022 Introdusi CJADENIS; Introdusi BEVANDIS ALCOLICHIS di CUALCHISEI gradazion;<\/p>\n\n\n\n<p>\u2022 Introdusi o v\u00ea DROGHIS, VELEGNS, SOSTANZIS PERICOLOSIS, MATERI\u00c2L INFLAMABIL;<\/p>\n\n\n\n<p>\u2022 Jentr\u00e2 e st\u00e2 cjocs o sot l\u2019efiet di droghis;<\/p>\n\n\n\n<p>\u2022 Introdusi o vendi dentri da l\u2019implant bevandis contegnusids in LATINIS, BOTIGLIS DI VERI, BORACIS DI METAL o BOTIGLIS DI PLASTICHE plui grandes di 0,5 lt (a son permetudis dome butiglis no plui grandis di 0,5lt cence tapon);<\/p>\n\n\n\n<p>\u2022 Introdusi ANEM\u00c2I DI CUALSISEI GJENAR E TAE;<\/p>\n\n\n\n<p>\u2022 Introdusi BASTONS PAR SELFIE e TREP\u00ceS;<\/p>\n\n\n\n<p>\u2022 Introdusi OMBRENIS e ASTIS;<\/p>\n\n\n\n<p>\u2022 Introdusi STRUMENTS MUSIC\u00c2LS;<\/p>\n\n\n\n<p>\u2022 Introdusi PENIS e PUNTAD\u00d4RS LASER;<\/p>\n\n\n\n<p>\u2022 Introdusi DRONES e APARECHIOS TELECOMAND\u00c2TS;<\/p>\n\n\n\n<p>\u2022 Introdusi IMPRESCJ PAR LA REGJISTRAZION AUDIO\/VIDEO;<\/p>\n\n\n\n<p>\u2022 Introdusi MACHINIS FOTOGRAFICHIS PROFESION\u00c2LS e SEMIPROFESION\u00c2LS;<\/p>\n\n\n\n<p>\u2022 Introdusi TELECAMERIS, GOPRO, IPAD e TABLET;<\/p>\n\n\n\n<p>\u2022 Introdusi BICICLETIS, SKATEBOARD, PATINS e OVERBOARD;<\/p>\n\n\n\n<p>\u2022 Introdusi TENDIS e SAC A P\u00caL;<\/p>\n\n\n\n<p>\u2022 Introdusi DUCJ I ALTRIS OGJETS UTILS PAR F\u00c2 DAL M\u00c2L A LIS PERSONIS;<\/p>\n\n\n\n<p>\u2022 Esponi materi\u00e2l ch\u2019al ostaculi la visibilit\u00e2ts a altris spetad\u00f4rs o che al sedi di ostacul a le segnaletiche di emergenze o che, comunque, al sedi di ostacul a lis v\u00ees di fughe viers lis jessudis;<\/p>\n\n\n\n<p>\u2022 Puart\u00e2 indevant cualsisei gjenar di ativit\u00e2t comerci\u00e2l che a no sedi stade autorizade prime, par iscrit, da la socie\u00e2ts che a organize l\u2019event;<\/p>\n\n\n\n<p>\u2022 Puart\u00e2 indevant ategjaments agress\u00eefs viers il person\u00e2l adet al control;<\/p>\n\n\n\n<p>\u2022 Rompi o scas\u00e2 in cualsisei m\u00fbt struturis, infrastruturis e servizis da l\u2019implant;<\/p>\n\n\n\n<p>\u2022 Mont\u00e2 su balaustris, parapets, divisoris ed altris struturis no destinades a la permanence dal public;<\/p>\n\n\n\n<p>\u2022 St\u00e2 ferms su percors di aces e di jessude e su cuasisei vie par scjamp\u00e2.<\/p>\n","protected":false},"excerpt":{"rendered":"<p>Aces ai concierts L\u2019aces inte ar\u00ea e compuarte il rispiet di chest regolament; Il poses dal titul di aces e il rispiet di chest regolament a son condizions par l\u2019ingres e par pod\u00ea st\u00e2 inte zone da l\u2019event. Il titul di acces al v\u00e0 mostr\u00e2t in cualsiasei moment cunat ch\u2019a\u00f2 ven domand\u00e2t dal person\u00e2l di [&hellip;]<\/p>\n","protected":false},"author":2,"featured_media":0,"parent":0,"menu_order":0,"comment_status":"closed","ping_status":"closed","template":"","meta":{"footnotes":""},"class_list":["post-30003","page","type-page","status-publish","hentry"],"yoast_head":"<!-- This site is optimized with the Yoast SEO plugin v27.3 - https:\/\/yoast.com\/product\/yoast-seo-wordpress\/ -->\n<title>Regolamento accesso concerti Covid 19 | Folkest 2021<\/title>\n<meta name=\"description\" content=\"Disposizioni di sicurezza anti covid-19 e regolamento di accesso ai concerti nel rispetto delle normative attualmente in vigore.\" \/>\n<meta name=\"robots\" content=\"index, follow, max-snippet:-1, max-image-preview:large, max-video-preview:-1\" \/>\n<link rel=\"canonical\" href=\"https:\/\/www.folkest.com\/fur\/regolament-dai-concierts\/\" \/>\n<meta property=\"og:locale\" content=\"en_US\" \/>\n<meta property=\"og:type\" content=\"article\" \/>\n<meta property=\"og:title\" content=\"Regolamento accesso concerti Covid 19 | Folkest 2021\" \/>\n<meta property=\"og:description\" content=\"Disposizioni di sicurezza anti covid-19 e regolamento di accesso ai concerti nel rispetto delle normative attualmente in vigore.\" \/>\n<meta property=\"og:url\" content=\"https:\/\/www.folkest.com\/fur\/regolament-dai-concierts\/\" \/>\n<meta property=\"og:site_name\" content=\"Folkest - edizion 2026\" \/>\n<meta property=\"article:publisher\" content=\"https:\/\/www.facebook.com\/FolkestFestival\" \/>\n<meta property=\"article:modified_time\" content=\"2024-05-23T10:16:09+00:00\" \/>\n<meta name=\"twitter:label1\" content=\"Est. reading time\" \/>\n\t<meta name=\"twitter:data1\" content=\"3 minutes\" \/>\n<script type=\"application\/ld+json\" class=\"yoast-schema-graph\">{\"@context\":\"https:\\\/\\\/schema.org\",\"@graph\":[{\"@type\":\"WebPage\",\"@id\":\"https:\\\/\\\/www.folkest.com\\\/fur\\\/regolament-dai-concierts\\\/\",\"url\":\"https:\\\/\\\/www.folkest.com\\\/fur\\\/regolament-dai-concierts\\\/\",\"name\":\"Regolamento accesso concerti Covid 19 | Folkest 2021\",\"isPartOf\":{\"@id\":\"https:\\\/\\\/www.folkest.com\\\/#website\"},\"datePublished\":\"2021-07-07T07:51:44+00:00\",\"dateModified\":\"2024-05-23T10:16:09+00:00\",\"description\":\"Disposizioni di sicurezza anti covid-19 e regolamento di accesso ai concerti nel rispetto delle normative attualmente in vigore.\",\"breadcrumb\":{\"@id\":\"https:\\\/\\\/www.folkest.com\\\/fur\\\/regolament-dai-concierts\\\/#breadcrumb\"},\"inLanguage\":\"fur\",\"potentialAction\":[{\"@type\":\"ReadAction\",\"target\":[\"https:\\\/\\\/www.folkest.com\\\/fur\\\/regolament-dai-concierts\\\/\"]}]},{\"@type\":\"BreadcrumbList\",\"@id\":\"https:\\\/\\\/www.folkest.com\\\/fur\\\/regolament-dai-concierts\\\/#breadcrumb\",\"itemListElement\":[{\"@type\":\"ListItem\",\"position\":1,\"name\":\"Home\",\"item\":\"https:\\\/\\\/www.folkest.com\\\/fur\\\/\"},{\"@type\":\"ListItem\",\"position\":2,\"name\":\"Regolament dai concierts\"}]},{\"@type\":\"WebSite\",\"@id\":\"https:\\\/\\\/www.folkest.com\\\/#website\",\"url\":\"https:\\\/\\\/www.folkest.com\\\/\",\"name\":\"Folkest - edizion 2026\",\"description\":\"International Folk Festival\",\"publisher\":{\"@id\":\"https:\\\/\\\/www.folkest.com\\\/#organization\"},\"potentialAction\":[{\"@type\":\"SearchAction\",\"target\":{\"@type\":\"EntryPoint\",\"urlTemplate\":\"https:\\\/\\\/www.folkest.com\\\/?s={search_term_string}\"},\"query-input\":{\"@type\":\"PropertyValueSpecification\",\"valueRequired\":true,\"valueName\":\"search_term_string\"}}],\"inLanguage\":\"fur\"},{\"@type\":\"Organization\",\"@id\":\"https:\\\/\\\/www.folkest.com\\\/#organization\",\"name\":\"Folkest\",\"url\":\"https:\\\/\\\/www.folkest.com\\\/\",\"logo\":{\"@type\":\"ImageObject\",\"inLanguage\":\"fur\",\"@id\":\"https:\\\/\\\/www.folkest.com\\\/#\\\/schema\\\/logo\\\/image\\\/\",\"url\":\"https:\\\/\\\/www.folkest.com\\\/\\\/wp-content\\\/uploads\\\/2023\\\/04\\\/Logo-Folkest-international-folk-music-festival.png\",\"contentUrl\":\"https:\\\/\\\/www.folkest.com\\\/\\\/wp-content\\\/uploads\\\/2023\\\/04\\\/Logo-Folkest-international-folk-music-festival.png\",\"width\":704,\"height\":289,\"caption\":\"Folkest\"},\"image\":{\"@id\":\"https:\\\/\\\/www.folkest.com\\\/#\\\/schema\\\/logo\\\/image\\\/\"},\"sameAs\":[\"https:\\\/\\\/www.facebook.com\\\/FolkestFestival\",\"https:\\\/\\\/www.instagram.com\\\/folkest_\\\/\",\"https:\\\/\\\/www.youtube.com\\\/channel\\\/UCEvUMMmkI1u-BN9eGpGB0-Q\"]}]}<\/script>\n<!-- \/ Yoast SEO plugin. -->","yoast_head_json":{"title":"Regolamento accesso concerti Covid 19 | Folkest 2021","description":"Disposizioni di sicurezza anti covid-19 e regolamento di accesso ai concerti nel rispetto delle normative attualmente in vigore.","robots":{"index":"index","follow":"follow","max-snippet":"max-snippet:-1","max-image-preview":"max-image-preview:large","max-video-preview":"max-video-preview:-1"},"canonical":"https:\/\/www.folkest.com\/fur\/regolament-dai-concierts\/","og_locale":"en_US","og_type":"article","og_title":"Regolamento accesso concerti Covid 19 | Folkest 2021","og_description":"Disposizioni di sicurezza anti covid-19 e regolamento di accesso ai concerti nel rispetto delle normative attualmente in vigore.","og_url":"https:\/\/www.folkest.com\/fur\/regolament-dai-concierts\/","og_site_name":"Folkest - edizion 2026","article_publisher":"https:\/\/www.facebook.com\/FolkestFestival","article_modified_time":"2024-05-23T10:16:09+00:00","twitter_misc":{"Est. reading time":"3 minutes"},"schema":{"@context":"https:\/\/schema.org","@graph":[{"@type":"WebPage","@id":"https:\/\/www.folkest.com\/fur\/regolament-dai-concierts\/","url":"https:\/\/www.folkest.com\/fur\/regolament-dai-concierts\/","name":"Regolamento accesso concerti Covid 19 | Folkest 2021","isPartOf":{"@id":"https:\/\/www.folkest.com\/#website"},"datePublished":"2021-07-07T07:51:44+00:00","dateModified":"2024-05-23T10:16:09+00:00","description":"Disposizioni di sicurezza anti covid-19 e regolamento di accesso ai concerti nel rispetto delle normative attualmente in vigore.","breadcrumb":{"@id":"https:\/\/www.folkest.com\/fur\/regolament-dai-concierts\/#breadcrumb"},"inLanguage":"fur","potentialAction":[{"@type":"ReadAction","target":["https:\/\/www.folkest.com\/fur\/regolament-dai-concierts\/"]}]},{"@type":"BreadcrumbList","@id":"https:\/\/www.folkest.com\/fur\/regolament-dai-concierts\/#breadcrumb","itemListElement":[{"@type":"ListItem","position":1,"name":"Home","item":"https:\/\/www.folkest.com\/fur\/"},{"@type":"ListItem","position":2,"name":"Regolament dai concierts"}]},{"@type":"WebSite","@id":"https:\/\/www.folkest.com\/#website","url":"https:\/\/www.folkest.com\/","name":"Folkest - edizion 2026","description":"International Folk Festival","publisher":{"@id":"https:\/\/www.folkest.com\/#organization"},"potentialAction":[{"@type":"SearchAction","target":{"@type":"EntryPoint","urlTemplate":"https:\/\/www.folkest.com\/?s={search_term_string}"},"query-input":{"@type":"PropertyValueSpecification","valueRequired":true,"valueName":"search_term_string"}}],"inLanguage":"fur"},{"@type":"Organization","@id":"https:\/\/www.folkest.com\/#organization","name":"Folkest","url":"https:\/\/www.folkest.com\/","logo":{"@type":"ImageObject","inLanguage":"fur","@id":"https:\/\/www.folkest.com\/#\/schema\/logo\/image\/","url":"https:\/\/www.folkest.com\/\/wp-content\/uploads\/2023\/04\/Logo-Folkest-international-folk-music-festival.png","contentUrl":"https:\/\/www.folkest.com\/\/wp-content\/uploads\/2023\/04\/Logo-Folkest-international-folk-music-festival.png","width":704,"height":289,"caption":"Folkest"},"image":{"@id":"https:\/\/www.folkest.com\/#\/schema\/logo\/image\/"},"sameAs":["https:\/\/www.facebook.com\/FolkestFestival","https:\/\/www.instagram.com\/folkest_\/","https:\/\/www.youtube.com\/channel\/UCEvUMMmkI1u-BN9eGpGB0-Q"]}]}},"_links":{"self":[{"href":"https:\/\/www.folkest.com\/fur\/wp-json\/wp\/v2\/pages\/30003","targetHints":{"allow":["GET"]}}],"collection":[{"href":"https:\/\/www.folkest.com\/fur\/wp-json\/wp\/v2\/pages"}],"about":[{"href":"https:\/\/www.folkest.com\/fur\/wp-json\/wp\/v2\/types\/page"}],"author":[{"embeddable":true,"href":"https:\/\/www.folkest.com\/fur\/wp-json\/wp\/v2\/users\/2"}],"replies":[{"embeddable":true,"href":"https:\/\/www.folkest.com\/fur\/wp-json\/wp\/v2\/comments?post=30003"}],"version-history":[{"count":3,"href":"https:\/\/www.folkest.com\/fur\/wp-json\/wp\/v2\/pages\/30003\/revisions"}],"predecessor-version":[{"id":30222,"href":"https:\/\/www.folkest.com\/fur\/wp-json\/wp\/v2\/pages\/30003\/revisions\/30222"}],"wp:attachment":[{"href":"https:\/\/www.folkest.com\/fur\/wp-json\/wp\/v2\/media?parent=30003"}],"curies":[{"name":"wp","href":"https:\/\/api.w.org\/{rel}","templated":true}]}}